{"id":89,"date":"2025-09-17T15:02:55","date_gmt":"2025-09-17T13:02:55","guid":{"rendered":"https:\/\/circotherapie-pitreries.fr\/?page_id=89"},"modified":"2026-04-30T16:06:13","modified_gmt":"2026-04-30T14:06:13","slug":"stages","status":"publish","type":"page","link":"https:\/\/circotherapie-pitreries.fr\/index.php\/pole-loisir\/stages\/","title":{"rendered":"Stages"},"content":{"rendered":"\n<div class=\"wp-block-buttons is-layout-flex wp-block-buttons-is-layout-flex\">\n<div class=\"wp-block-button\"><a class=\"wp-block-button__link has-black-color has-vivid-green-cyan-background-color has-text-color has-background has-link-color wp-element-button\" href=\"https:\/\/circotherapie-pitreries.fr\/index.php\/pole-loisir\/planning-2\/calendrier-des-stages\/\">Calendrier des stages<\/a><\/div>\n<\/div>\n\n\n\n<div class=\"wp-block-group is-nowrap is-layout-flex wp-container-core-group-is-layout-ad2f72ca wp-block-group-is-layout-flex\">\n<p><em>Pour s&rsquo;inscrire en ligne via Hello Asso s\u00e9lectionner la cat\u00e9gorie souhait\u00e9e si non cliquez <a href=\"https:\/\/circotherapie-pitreries.fr\/wp-content\/uploads\/2026\/04\/Bulletin-de-stage-2025-2026.pdf\">ici<\/a><\/em><\/p>\n<\/div>\n\n\n\n<div class=\"wp-block-group is-vertical is-content-justification-center is-layout-flex wp-container-core-group-is-layout-7681721f wp-block-group-is-layout-flex\">\n<div class=\"wp-block-group is-content-justification-center is-nowrap is-layout-flex wp-container-core-group-is-layout-f9586d3a wp-block-group-is-layout-flex\" style=\"margin-top:0;margin-bottom:0;padding-right:0;padding-left:0\">\n<figure class=\"wp-block-image size-medium is-resized wp-container-content-69bc4bdf\" style=\"margin-top:0;margin-bottom:0\"><a href=\"https:\/\/circotherapie-pitreries.fr\/index.php\/pole-loisir\/stages\/eveil-24-a-40-mois\/\"><img loading=\"lazy\" decoding=\"async\" width=\"300\" height=\"300\" src=\"https:\/\/circotherapie-pitreries.fr\/wp-content\/uploads\/2025\/09\/2-300x300.png\" alt=\"\" class=\"wp-image-224\" style=\"width:300px;height:auto\" srcset=\"https:\/\/circotherapie-pitreries.fr\/wp-content\/uploads\/2025\/09\/2-300x300.png 300w, https:\/\/circotherapie-pitreries.fr\/wp-content\/uploads\/2025\/09\/2-150x150.png 150w, https:\/\/circotherapie-pitreries.fr\/wp-content\/uploads\/2025\/09\/2-768x768.png 768w, https:\/\/circotherapie-pitreries.fr\/wp-content\/uploads\/2025\/09\/2-230x230.png 230w, https:\/\/circotherapie-pitreries.fr\/wp-content\/uploads\/2025\/09\/2-350x350.png 350w, https:\/\/circotherapie-pitreries.fr\/wp-content\/uploads\/2025\/09\/2-480x480.png 480w, https:\/\/circotherapie-pitreries.fr\/wp-content\/uploads\/2025\/09\/2.png 800w\" sizes=\"auto, (max-width: 300px) 100vw, 300px\" \/><\/a><\/figure>\n\n\n\n<figure class=\"wp-block-image size-medium is-resized\"><a href=\"https:\/\/circotherapie-pitreries.fr\/index.php\/pole-loisir\/stages\/initiation-3-a-5-ans\/\"><img loading=\"lazy\" decoding=\"async\" width=\"300\" height=\"300\" src=\"https:\/\/circotherapie-pitreries.fr\/wp-content\/uploads\/2025\/09\/3-300x300.png\" alt=\"\" class=\"wp-image-225\" style=\"width:300px;height:auto\" srcset=\"https:\/\/circotherapie-pitreries.fr\/wp-content\/uploads\/2025\/09\/3-300x300.png 300w, https:\/\/circotherapie-pitreries.fr\/wp-content\/uploads\/2025\/09\/3-150x150.png 150w, https:\/\/circotherapie-pitreries.fr\/wp-content\/uploads\/2025\/09\/3-768x768.png 768w, https:\/\/circotherapie-pitreries.fr\/wp-content\/uploads\/2025\/09\/3-230x230.png 230w, https:\/\/circotherapie-pitreries.fr\/wp-content\/uploads\/2025\/09\/3-350x350.png 350w, https:\/\/circotherapie-pitreries.fr\/wp-content\/uploads\/2025\/09\/3-480x480.png 480w, https:\/\/circotherapie-pitreries.fr\/wp-content\/uploads\/2025\/09\/3.png 800w\" sizes=\"auto, (max-width: 300px) 100vw, 300px\" \/><\/a><\/figure>\n<\/div>\n\n\n\n<div class=\"wp-block-group is-content-justification-center is-nowrap is-layout-flex wp-container-core-group-is-layout-94bc23d7 wp-block-group-is-layout-flex\">\n<figure class=\"wp-block-image size-medium\"><a href=\"https:\/\/circotherapie-pitreries.fr\/index.php\/pole-loisir\/stages\/multidisciplines-6-a-14-ans\/\"><img loading=\"lazy\" decoding=\"async\" width=\"300\" height=\"300\" src=\"https:\/\/circotherapie-pitreries.fr\/wp-content\/uploads\/2025\/09\/4-300x300.png\" alt=\"\" class=\"wp-image-226\" srcset=\"https:\/\/circotherapie-pitreries.fr\/wp-content\/uploads\/2025\/09\/4-300x300.png 300w, https:\/\/circotherapie-pitreries.fr\/wp-content\/uploads\/2025\/09\/4-150x150.png 150w, https:\/\/circotherapie-pitreries.fr\/wp-content\/uploads\/2025\/09\/4-768x768.png 768w, https:\/\/circotherapie-pitreries.fr\/wp-content\/uploads\/2025\/09\/4-230x230.png 230w, https:\/\/circotherapie-pitreries.fr\/wp-content\/uploads\/2025\/09\/4-350x350.png 350w, https:\/\/circotherapie-pitreries.fr\/wp-content\/uploads\/2025\/09\/4-480x480.png 480w, https:\/\/circotherapie-pitreries.fr\/wp-content\/uploads\/2025\/09\/4.png 800w\" sizes=\"auto, (max-width: 300px) 100vw, 300px\" \/><\/a><\/figure>\n\n\n\n<figure class=\"wp-block-image size-medium has-custom-border\"><a href=\"https:\/\/circotherapie-pitreries.fr\/index.php\/pole-loisir\/stages\/specialites\/\"><img loading=\"lazy\" decoding=\"async\" width=\"300\" height=\"300\" src=\"https:\/\/circotherapie-pitreries.fr\/wp-content\/uploads\/2025\/09\/5-300x300.png\" alt=\"\" class=\"wp-image-227\" style=\"border-style:none;border-width:0px\" srcset=\"https:\/\/circotherapie-pitreries.fr\/wp-content\/uploads\/2025\/09\/5-300x300.png 300w, https:\/\/circotherapie-pitreries.fr\/wp-content\/uploads\/2025\/09\/5-150x150.png 150w, https:\/\/circotherapie-pitreries.fr\/wp-content\/uploads\/2025\/09\/5-768x768.png 768w, https:\/\/circotherapie-pitreries.fr\/wp-content\/uploads\/2025\/09\/5-230x230.png 230w, https:\/\/circotherapie-pitreries.fr\/wp-content\/uploads\/2025\/09\/5-350x350.png 350w, https:\/\/circotherapie-pitreries.fr\/wp-content\/uploads\/2025\/09\/5-480x480.png 480w, https:\/\/circotherapie-pitreries.fr\/wp-content\/uploads\/2025\/09\/5.png 800w\" sizes=\"auto, (max-width: 300px) 100vw, 300px\" \/><\/a><\/figure>\n<\/div>\n<\/div>\n\n\n\n<p><\/p>\n\n\n\n<p><\/p>\n\n\n\n<p><\/p>\n","protected":false},"excerpt":{"rendered":"<p>Pour s&rsquo;inscrire en ligne via Hello Asso s\u00e9lectionner la cat\u00e9gorie souhait\u00e9e si non cliquez ici<\/p>\n","protected":false},"author":1,"featured_media":0,"parent":18,"menu_order":3,"comment_status":"closed","ping_status":"closed","template":"","meta":{"footnotes":""},"class_list":["post-89","page","type-page","status-publish","hentry"],"_links":{"self":[{"href":"https:\/\/circotherapie-pitreries.fr\/index.php\/wp-json\/wp\/v2\/pages\/89","targetHints":{"allow":["GET"]}}],"collection":[{"href":"https:\/\/circotherapie-pitreries.fr\/index.php\/wp-json\/wp\/v2\/pages"}],"about":[{"href":"https:\/\/circotherapie-pitreries.fr\/index.php\/wp-json\/wp\/v2\/types\/page"}],"author":[{"embeddable":true,"href":"https:\/\/circotherapie-pitreries.fr\/index.php\/wp-json\/wp\/v2\/users\/1"}],"replies":[{"embeddable":true,"href":"https:\/\/circotherapie-pitreries.fr\/index.php\/wp-json\/wp\/v2\/comments?post=89"}],"version-history":[{"count":21,"href":"https:\/\/circotherapie-pitreries.fr\/index.php\/wp-json\/wp\/v2\/pages\/89\/revisions"}],"predecessor-version":[{"id":905,"href":"https:\/\/circotherapie-pitreries.fr\/index.php\/wp-json\/wp\/v2\/pages\/89\/revisions\/905"}],"up":[{"embeddable":true,"href":"https:\/\/circotherapie-pitreries.fr\/index.php\/wp-json\/wp\/v2\/pages\/18"}],"wp:attachment":[{"href":"https:\/\/circotherapie-pitreries.fr\/index.php\/wp-json\/wp\/v2\/media?parent=89"}],"curies":[{"name":"wp","href":"https:\/\/api.w.org\/{rel}","templated":true}]}}