{"id":61,"date":"2025-09-17T11:33:34","date_gmt":"2025-09-17T09:33:34","guid":{"rendered":"https:\/\/circotherapie-pitreries.fr\/?page_id=61"},"modified":"2026-04-30T16:04:41","modified_gmt":"2026-04-30T14:04:41","slug":"inscription","status":"publish","type":"page","link":"https:\/\/circotherapie-pitreries.fr\/index.php\/pole-loisir\/inscription\/","title":{"rendered":"Inscriptions"},"content":{"rendered":"\n<div class=\"wp-block-group is-layout-grid wp-container-core-group-is-layout-baef362d wp-block-group-is-layout-grid\">\n<h2 class=\"wp-block-heading\">1. Inscription aux stages<\/h2>\n\n\n\n<div class=\"wp-block-buttons is-content-justification-right is-layout-flex wp-container-core-buttons-is-layout-765c4724 wp-block-buttons-is-layout-flex\">\n<div class=\"wp-block-button\"><a class=\"wp-block-button__link has-light-green-cyan-background-color has-background wp-element-button\" href=\"https:\/\/circotherapie-pitreries.fr\/index.php\/pole-loisir\/\" style=\"border-radius:60px\">Retour<\/a><\/div>\n<\/div>\n<\/div>\n\n\n\n<p class=\"has-text-align-center has-global-color-9-color has-vivid-purple-background-color has-text-color has-background has-link-color has-medium-font-size wp-elements-193f0390961fede7e7b48309f6bf3cb5\" style=\"border-radius:10px;padding-top:var(--wp--preset--spacing--20);padding-right:0px;padding-bottom:var(--wp--preset--spacing--20);padding-left:0px\"><strong>Les stages de la saison 2025 &#8211; 2026 sont ouverts<\/strong>.<\/p>\n\n\n\n<div class=\"wp-block-group is-layout-grid wp-container-core-group-is-layout-baef362d wp-block-group-is-layout-grid\">\n<div class=\"wp-block-buttons is-layout-flex wp-block-buttons-is-layout-flex\">\n<div class=\"wp-block-button\"><a class=\"wp-block-button__link has-vivid-purple-background-color has-background wp-element-button\" href=\"https:\/\/circotherapie-pitreries.fr\/wp-content\/uploads\/2026\/04\/Bulletin-de-stage-2025-2026.pdf\" style=\"border-radius:10px\">Bulletin d&rsquo;inscription<\/a><\/div>\n<\/div>\n\n\n\n<div class=\"wp-block-buttons is-content-justification-right is-layout-flex wp-container-core-buttons-is-layout-765c4724 wp-block-buttons-is-layout-flex\">\n<div class=\"wp-block-button is-style-outline is-style-outline--1\"><a class=\"wp-block-button__link has-vivid-purple-color has-white-background-color has-text-color has-background has-link-color wp-element-button\" href=\"https:\/\/circotherapie-pitreries.fr\/wp-content\/uploads\/2025\/09\/Reglement-Stage-de-cirque.pdf\" style=\"border-radius:10px\">R\u00e8gles de fonctionnement des stages<\/a><\/div>\n<\/div>\n<\/div>\n\n\n\n<h2 class=\"wp-block-heading\">2. Inscription \u00e0 l&rsquo;ann\u00e9e<\/h2>\n\n\n\n<p class=\"has-text-align-center has-white-color has-text-color has-background has-link-color has-large-font-size wp-elements-7a2d04eb07f14ed6a8875201c7d7e80b\" style=\"border-radius:10px;background-color:#5d3ccf;padding-top:var(--wp--preset--spacing--20);padding-right:0;padding-bottom:var(--wp--preset--spacing--20);padding-left:0\"><strong>Pour la saison 2026-2027<\/strong><\/p>\n\n\n\n<div class=\"wp-block-group is-layout-grid wp-container-core-group-is-layout-baef362d wp-block-group-is-layout-grid\">\n<div class=\"wp-block-buttons is-content-justification-right is-layout-flex wp-container-core-buttons-is-layout-765c4724 wp-block-buttons-is-layout-flex\"><\/div>\n<\/div>\n\n\n\n<p class=\"has-text-align-center has-global-color-9-background-color has-background has-medium-font-size\" style=\"border-radius:10px;padding-top:var(--wp--preset--spacing--20);padding-right:0;padding-bottom:var(--wp--preset--spacing--20);padding-left:0\"><strong><u>Modalit\u00e9s d\u2019inscription pour les Nouveaux<\/u><\/strong><\/p>\n\n\n\n<p class=\"has-black-color has-text-color has-link-color wp-elements-f9d7931c7495c4cd1e84fff39f5b3010\">Si vous souhaitez vous inscrire ou inscrire votre enfant <strong>pour la saison 2026-2027<\/strong>, merci d&rsquo;envoyer un mail \u00e0 loisir.cctpitreries@gmail.com en mentionnant le nom, pr\u00e9nom, date de naissance et num\u00e9ro de t\u00e9l\u00e9phone de la personne qui souhaite s&rsquo;inscrire.<\/p>\n\n\n\n<p><strong>Il vous sera envoy\u00e9 par mail \u00e0 partir du 8 juin<\/strong>, toutes les informations concernant le dossier d&rsquo;inscription,  le planning des cours dispens\u00e9s ainsi que que le lien pour inscrire votre enfant au cours d&rsquo;essai si vous le souhaitez et qui est pr\u00e9vu le mercredi 1er juillet pour les 3-5 ans et les 6 \u00e0 12 ans.<\/p>\n\n\n\n<p class=\"has-vivid-purple-color has-text-color has-link-color has-medium-font-size wp-elements-2d7f825b37a13e209da1385467e3e357\">D\u00e9but des inscriptions pour les nouveaux \u00e0 partir de <strong>Jeudi 9 juillet 2026. <\/strong><\/p>\n","protected":false},"excerpt":{"rendered":"<p>1. Inscription aux stages Les stages de la saison 2025 &#8211; 2026 sont ouverts. 2. Inscription \u00e0 l&rsquo;ann\u00e9e Pour la saison 2026-2027 Modalit\u00e9s d\u2019inscription pour les Nouveaux Si vous souhaitez vous inscrire ou inscrire votre enfant pour la saison 2026-2027, merci d&rsquo;envoyer un mail \u00e0 loisir.cctpitreries@gmail.com en mentionnant le nom, pr\u00e9nom, date de naissance et num\u00e9ro de t\u00e9l\u00e9phone de la personne qui souhaite s&rsquo;inscrire. Il vous sera envoy\u00e9 par mail \u00e0 partir du 8 juin, toutes les informations concernant le dossier d&rsquo;inscription, le planning des cours dispens\u00e9s ainsi que que le lien pour inscrire votre enfant au cours d&rsquo;essai si&#8230; <\/p>\n","protected":false},"author":1,"featured_media":0,"parent":18,"menu_order":4,"comment_status":"closed","ping_status":"closed","template":"","meta":{"footnotes":""},"class_list":["post-61","page","type-page","status-publish","hentry"],"_links":{"self":[{"href":"https:\/\/circotherapie-pitreries.fr\/index.php\/wp-json\/wp\/v2\/pages\/61","targetHints":{"allow":["GET"]}}],"collection":[{"href":"https:\/\/circotherapie-pitreries.fr\/index.php\/wp-json\/wp\/v2\/pages"}],"about":[{"href":"https:\/\/circotherapie-pitreries.fr\/index.php\/wp-json\/wp\/v2\/types\/page"}],"author":[{"embeddable":true,"href":"https:\/\/circotherapie-pitreries.fr\/index.php\/wp-json\/wp\/v2\/users\/1"}],"replies":[{"embeddable":true,"href":"https:\/\/circotherapie-pitreries.fr\/index.php\/wp-json\/wp\/v2\/comments?post=61"}],"version-history":[{"count":27,"href":"https:\/\/circotherapie-pitreries.fr\/index.php\/wp-json\/wp\/v2\/pages\/61\/revisions"}],"predecessor-version":[{"id":906,"href":"https:\/\/circotherapie-pitreries.fr\/index.php\/wp-json\/wp\/v2\/pages\/61\/revisions\/906"}],"up":[{"embeddable":true,"href":"https:\/\/circotherapie-pitreries.fr\/index.php\/wp-json\/wp\/v2\/pages\/18"}],"wp:attachment":[{"href":"https:\/\/circotherapie-pitreries.fr\/index.php\/wp-json\/wp\/v2\/media?parent=61"}],"curies":[{"name":"wp","href":"https:\/\/api.w.org\/{rel}","templated":true}]}}