{"id":181,"date":"2025-09-25T16:01:14","date_gmt":"2025-09-25T14:01:14","guid":{"rendered":"https:\/\/circotherapie-pitreries.fr\/?page_id=181"},"modified":"2026-04-09T15:26:48","modified_gmt":"2026-04-09T13:26:48","slug":"inscription-a-lannee","status":"publish","type":"page","link":"https:\/\/circotherapie-pitreries.fr\/index.php\/pole-loisir\/inscription\/inscription-a-lannee\/","title":{"rendered":"Inscription \u00e0 l&rsquo;ann\u00e9e"},"content":{"rendered":"\n<p class=\"has-black-color has-text-color has-link-color wp-elements-f9d7931c7495c4cd1e84fff39f5b3010\">Si vous souhaitez vous inscrire ou inscrire votre enfant <strong>pour la saison 2026-2027<\/strong>, merci d&rsquo;envoyer un mail \u00e0 loisir.cctpitreries@gmail.com en mentionnant le nom, pr\u00e9nom, date de naissance et num\u00e9ro de t\u00e9l\u00e9phone de la personne qui souhaite s&rsquo;inscrire.<\/p>\n\n\n\n<p><strong>Il vous sera envoy\u00e9 par mail \u00e0 partir du 8 juin<\/strong>, toutes les informations concernant le dossier d&rsquo;inscription,  le planning des cours dispens\u00e9s ainsi que que le lien pour inscrire votre enfant au cours d&rsquo;essai si vous le souhaitez et qui est pr\u00e9vu le mercredi 1er juillet pour les 3-5 ans et les 6 \u00e0 12 ans.<\/p>\n\n\n\n<p class=\"has-vivid-purple-color has-text-color has-link-color has-medium-font-size wp-elements-2d7f825b37a13e209da1385467e3e357\">D\u00e9but des inscriptions pour les nouveaux \u00e0 partir de <strong>Jeudi 9 juillet 2026. <\/strong><\/p>\n\n\n\n<p><\/p>\n","protected":false},"excerpt":{"rendered":"<p>Si vous souhaitez vous inscrire ou inscrire votre enfant pour la saison 2026-2027, merci d&rsquo;envoyer un mail \u00e0 loisir.cctpitreries@gmail.com en mentionnant le nom, pr\u00e9nom, date de naissance et num\u00e9ro de t\u00e9l\u00e9phone de la personne qui souhaite s&rsquo;inscrire. Il vous sera envoy\u00e9 par mail \u00e0 partir du 8 juin, toutes les informations concernant le dossier d&rsquo;inscription, le planning des cours dispens\u00e9s ainsi que que le lien pour inscrire votre enfant au cours d&rsquo;essai si vous le souhaitez et qui est pr\u00e9vu le mercredi 1er juillet pour les 3-5 ans et les 6 \u00e0 12 ans. D\u00e9but des inscriptions pour les nouveaux&#8230; <\/p>\n","protected":false},"author":1,"featured_media":0,"parent":61,"menu_order":1,"comment_status":"closed","ping_status":"closed","template":"","meta":{"footnotes":""},"class_list":["post-181","page","type-page","status-publish","hentry"],"_links":{"self":[{"href":"https:\/\/circotherapie-pitreries.fr\/index.php\/wp-json\/wp\/v2\/pages\/181","targetHints":{"allow":["GET"]}}],"collection":[{"href":"https:\/\/circotherapie-pitreries.fr\/index.php\/wp-json\/wp\/v2\/pages"}],"about":[{"href":"https:\/\/circotherapie-pitreries.fr\/index.php\/wp-json\/wp\/v2\/types\/page"}],"author":[{"embeddable":true,"href":"https:\/\/circotherapie-pitreries.fr\/index.php\/wp-json\/wp\/v2\/users\/1"}],"replies":[{"embeddable":true,"href":"https:\/\/circotherapie-pitreries.fr\/index.php\/wp-json\/wp\/v2\/comments?post=181"}],"version-history":[{"count":5,"href":"https:\/\/circotherapie-pitreries.fr\/index.php\/wp-json\/wp\/v2\/pages\/181\/revisions"}],"predecessor-version":[{"id":881,"href":"https:\/\/circotherapie-pitreries.fr\/index.php\/wp-json\/wp\/v2\/pages\/181\/revisions\/881"}],"up":[{"embeddable":true,"href":"https:\/\/circotherapie-pitreries.fr\/index.php\/wp-json\/wp\/v2\/pages\/61"}],"wp:attachment":[{"href":"https:\/\/circotherapie-pitreries.fr\/index.php\/wp-json\/wp\/v2\/media?parent=181"}],"curies":[{"name":"wp","href":"https:\/\/api.w.org\/{rel}","templated":true}]}}