{"id":114,"date":"2025-09-25T15:38:20","date_gmt":"2025-09-25T13:38:20","guid":{"rendered":"https:\/\/circotherapie-pitreries.fr\/?page_id=114"},"modified":"2025-09-26T08:31:53","modified_gmt":"2025-09-26T06:31:53","slug":"planning-2","status":"publish","type":"page","link":"https:\/\/circotherapie-pitreries.fr\/index.php\/pole-loisir\/planning-2\/","title":{"rendered":"Agenda &#038; Planning"},"content":{"rendered":"\n<div class=\"wp-block-group is-content-justification-center is-nowrap is-layout-flex wp-container-core-group-is-layout-94bc23d7 wp-block-group-is-layout-flex\">\n<div class=\"wp-block-buttons is-vertical is-layout-flex wp-container-core-buttons-is-layout-8cf370e7 wp-block-buttons-is-layout-flex\">\n<div class=\"wp-block-button\"><a class=\"wp-block-button__link has-vivid-purple-background-color has-background wp-element-button\" href=\"https:\/\/circotherapie-pitreries.fr\/index.php\/pole-loisir\/planning-2\/planning\/\" style=\"border-radius:60px\">Planning des cours \u00e0 l&rsquo;ann\u00e9e<\/a><\/div>\n<\/div>\n\n\n\n<div class=\"wp-block-buttons is-vertical is-layout-flex wp-container-core-buttons-is-layout-8cf370e7 wp-block-buttons-is-layout-flex\">\n<div class=\"wp-block-button is-style-outline is-style-outline--1\"><a class=\"wp-block-button__link has-vivid-purple-color has-text-color has-link-color wp-element-button\" href=\"https:\/\/circotherapie-pitreries.fr\/index.php\/pole-loisir\/planning-2\/calendrier-des-stages\/\" style=\"border-radius:60px\">Calendrier des stages<\/a><\/div>\n<\/div>\n\n\n\n<div class=\"wp-block-buttons is-content-justification-right is-layout-flex wp-container-core-buttons-is-layout-2cbc56a6 wp-block-buttons-is-layout-flex\" style=\"padding-top:0;padding-bottom:0\">\n<div class=\"wp-block-button\"><a class=\"wp-block-button__link has-light-green-cyan-background-color has-background wp-element-button\" href=\"https:\/\/circotherapie-pitreries.fr\/index.php\/pole-loisir\/\" style=\"border-radius:60px\">Retour<\/a><\/div>\n<\/div>\n<\/div>\n\n\n\n<h2 class=\"wp-block-heading has-text-align-center has-global-color-9-color has-pale-cyan-blue-background-color has-text-color has-background has-link-color has-medium-font-size wp-elements-72642f93951dec48cd72eefa6bc7b314\" style=\"padding-top:var(--wp--preset--spacing--20);padding-right:0;padding-bottom:var(--wp--preset--spacing--20);padding-left:0\">IMPORTANT<\/h2>\n\n\n\n<p class=\"has-pale-cyan-blue-background-color has-background has-medium-font-size\"><strong>Pas de cours :<\/strong><br>* Pendant les vacances scolaires (attention, il y a toujours cours le 1er samedi de chaque vacances),<br>* Les jours f\u00e9ri\u00e9s :<br>** En 2025 : 01\/11 &#8211; 11\/11 &#8211; 25\/12<br>** En 2026 : 01\/01 &#8211; 06\/04 &#8211; 01\/05 &#8211; 08\/05 &#8211; 14\/08 &#8211; 25\/05 &#8211; 14\/07 &#8211; 15\/08<\/p>\n\n\n\n<p class=\"has-pale-cyan-blue-background-color has-background has-medium-font-size\"><strong>Stages de cirque pendant les vacances scolaires<\/strong><br>Durant les vacances scolaires, except\u00e9 \u00e0 No\u00ebl, des stages payants seront propos\u00e9s aux adh\u00e9rents et aux non adh\u00e9rents.<br>Pour plus de d\u00e9tail, rendez-vous dans l\u2019onglet inscription.<\/p>\n\n\n\n<h2 class=\"wp-block-heading has-text-align-center has-global-color-9-color has-vivid-purple-background-color has-text-color has-background has-link-color has-medium-font-size wp-elements-2fcb827d95a2d59a9a9c966c001ddd07\" style=\"padding-top:var(--wp--preset--spacing--20);padding-right:0;padding-bottom:var(--wp--preset--spacing--20);padding-left:0\">PROGRAMME DE LA SAISON<\/h2>\n\n\n\n<p class=\"has-text-align-center has-global-color-9-color has-vivid-purple-background-color has-text-color has-background has-link-color has-large-font-size wp-elements-a978c37ea0f3a83c3e8f08d72aeb3949\" style=\"padding-top:var(--wp--preset--spacing--20);padding-right:0;padding-bottom:var(--wp--preset--spacing--20);padding-left:0\">Il arrive bient\u00f4t !<\/p>\n\n\n\n<p style=\"margin-right:0;margin-left:0\"><\/p>\n\n\n\n<p><\/p>\n","protected":false},"excerpt":{"rendered":"<p>IMPORTANT Pas de cours :* Pendant les vacances scolaires (attention, il y a toujours cours le 1er samedi de chaque vacances),* Les jours f\u00e9ri\u00e9s :** En 2025 : 01\/11 &#8211; 11\/11 &#8211; 25\/12** En 2026 : 01\/01 &#8211; 06\/04 &#8211; 01\/05 &#8211; 08\/05 &#8211; 14\/08 &#8211; 25\/05 &#8211; 14\/07 &#8211; 15\/08 Stages de cirque pendant les vacances scolairesDurant les vacances scolaires, except\u00e9 \u00e0 No\u00ebl, des stages payants seront propos\u00e9s aux adh\u00e9rents et aux non adh\u00e9rents.Pour plus de d\u00e9tail, rendez-vous dans l\u2019onglet inscription. PROGRAMME DE LA SAISON Il arrive bient\u00f4t !<\/p>\n","protected":false},"author":1,"featured_media":0,"parent":18,"menu_order":1,"comment_status":"closed","ping_status":"closed","template":"","meta":{"footnotes":""},"class_list":["post-114","page","type-page","status-publish","hentry"],"_links":{"self":[{"href":"https:\/\/circotherapie-pitreries.fr\/index.php\/wp-json\/wp\/v2\/pages\/114","targetHints":{"allow":["GET"]}}],"collection":[{"href":"https:\/\/circotherapie-pitreries.fr\/index.php\/wp-json\/wp\/v2\/pages"}],"about":[{"href":"https:\/\/circotherapie-pitreries.fr\/index.php\/wp-json\/wp\/v2\/types\/page"}],"author":[{"embeddable":true,"href":"https:\/\/circotherapie-pitreries.fr\/index.php\/wp-json\/wp\/v2\/users\/1"}],"replies":[{"embeddable":true,"href":"https:\/\/circotherapie-pitreries.fr\/index.php\/wp-json\/wp\/v2\/comments?post=114"}],"version-history":[{"count":12,"href":"https:\/\/circotherapie-pitreries.fr\/index.php\/wp-json\/wp\/v2\/pages\/114\/revisions"}],"predecessor-version":[{"id":293,"href":"https:\/\/circotherapie-pitreries.fr\/index.php\/wp-json\/wp\/v2\/pages\/114\/revisions\/293"}],"up":[{"embeddable":true,"href":"https:\/\/circotherapie-pitreries.fr\/index.php\/wp-json\/wp\/v2\/pages\/18"}],"wp:attachment":[{"href":"https:\/\/circotherapie-pitreries.fr\/index.php\/wp-json\/wp\/v2\/media?parent=114"}],"curies":[{"name":"wp","href":"https:\/\/api.w.org\/{rel}","templated":true}]}}